{"id":1246,"date":"2024-07-27T05:31:12","date_gmt":"2024-07-27T05:31:12","guid":{"rendered":"https:\/\/designbychart.com\/?page_id=1246"},"modified":"2025-11-09T14:13:36","modified_gmt":"2025-11-09T14:13:36","slug":"about","status":"publish","type":"page","link":"https:\/\/designbychart.com\/es\/about\/","title":{"rendered":"About"},"content":{"rendered":"<div data-elementor-type=\"wp-page\" data-elementor-id=\"1246\" class=\"elementor elementor-1246\">\n\t\t\t\t\t\t\t<div class=\"has_eae_slider elementor-element elementor-element-c4a493c e-con-full e-flex e-con e-parent\" data-eae-slider=\"23064\" data-id=\"c4a493c\" data-element_type=\"container\" data-settings=\"{&quot;content_width&quot;:&quot;full&quot;,&quot;background_background&quot;:&quot;classic&quot;}\" data-core-v316-plus=\"true\">\n\t\t\t\t<div class=\"elementor-element elementor-element-aacd890 elementor-hidden-desktop elementor-hidden-tablet elementor-widget-mobile__width-inherit elementor-widget elementor-widget-icon-box\" data-id=\"aacd890\" data-element_type=\"widget\" data-widget_type=\"icon-box.default\">\n\t\t\t\t<div class=\"elementor-widget-container\">\n\t\t\t<link rel=\"stylesheet\" href=\"https:\/\/designbychart.com\/wp-content\/plugins\/elementor\/assets\/css\/widget-icon-box.min.css\">\t\t<div class=\"elementor-icon-box-wrapper\">\n\t\t\t\t\t\t<div class=\"elementor-icon-box-content\">\n\t\t\t\t<h1 class=\"elementor-icon-box-title\">\n\t\t\t\t\t<span  >\n\t\t\t\t\t\tQuienes somos?<br>\t\t\t\t\t<\/span>\n\t\t\t\t<\/h1>\n\t\t\t\t\t\t\t\t\t<p class=\"elementor-icon-box-description\">\n\t\t\t\t\t\tGo behind the scenes of<\/br> masterminds\t\t\t\t\t<\/p>\n\t\t\t\t\t\t\t<\/div>\n\t\t<\/div>\n\t\t\t\t<\/div>\n\t\t\t\t<\/div>\n\t\t\t\t<div class=\"elementor-element elementor-element-02361f5 elementor-hidden-mobile elementor-hidden-tablet elementor-widget elementor-widget-icon-box\" data-id=\"02361f5\" data-element_type=\"widget\" data-widget_type=\"icon-box.default\">\n\t\t\t\t<div class=\"elementor-widget-container\">\n\t\t\t\t\t<div class=\"elementor-icon-box-wrapper\">\n\t\t\t\t\t\t<div class=\"elementor-icon-box-content\">\n\t\t\t\t<h1 class=\"elementor-icon-box-title\">\n\t\t\t\t\t<span  >\n\t\t\t\t\t\tQuienes somos?<br>\t\t\t\t\t<\/span>\n\t\t\t\t<\/h1>\n\t\t\t\t\t\t\t\t\t<p class=\"elementor-icon-box-description\">\n\t\t\t\t\t\tDescubre lo que hay detr\u00e1s de las mentes maestras\t\t\t\t\t<\/p>\n\t\t\t\t\t\t\t<\/div>\n\t\t<\/div>\n\t\t\t\t<\/div>\n\t\t\t\t<\/div>\n\t\t\t\t<\/div>\n\t\t<div class=\"has_eae_slider elementor-element elementor-element-91ef01f e-con-full e-flex e-con e-parent\" data-eae-slider=\"6869\" data-id=\"91ef01f\" data-element_type=\"container\" data-settings=\"{&quot;content_width&quot;:&quot;full&quot;}\" data-core-v316-plus=\"true\">\n\t\t\t\t<div class=\"elementor-element elementor-element-056a9c7 elementor-widget elementor-widget-image\" data-id=\"056a9c7\" data-element_type=\"widget\" data-widget_type=\"image.default\">\n\t\t\t\t<div class=\"elementor-widget-container\">\n\t\t\t<style>\/*! elementor - v3.18.0 - 20-12-2023 *\/\n.elementor-widget-image{text-align:center}.elementor-widget-image a{display:inline-block}.elementor-widget-image a img[src$=\".svg\"]{width:48px}.elementor-widget-image img{vertical-align:middle;display:inline-block}<\/style>\t\t\t\t\t\t\t\t\t\t\t\t<img fetchpriority=\"high\" decoding=\"async\" width=\"1716\" height=\"1098\" src=\"https:\/\/designbychart.com\/wp-content\/uploads\/2024\/09\/Rectangle-88.png\" class=\"attachment-full size-full wp-image-1924\" alt=\"about us\" srcset=\"https:\/\/designbychart.com\/wp-content\/uploads\/2024\/09\/Rectangle-88.png 1716w, https:\/\/designbychart.com\/wp-content\/uploads\/2024\/09\/Rectangle-88-300x192.png 300w, https:\/\/designbychart.com\/wp-content\/uploads\/2024\/09\/Rectangle-88-1024x655.png 1024w, https:\/\/designbychart.com\/wp-content\/uploads\/2024\/09\/Rectangle-88-768x491.png 768w, https:\/\/designbychart.com\/wp-content\/uploads\/2024\/09\/Rectangle-88-1536x983.png 1536w\" sizes=\"(max-width: 1716px) 100vw, 1716px\" \/>\t\t\t\t\t\t\t\t\t\t\t\t\t\t\t<\/div>\n\t\t\t\t<\/div>\n\t\t\t\t<\/div>\n\t\t<div class=\"has_eae_slider elementor-element elementor-element-02da961 e-con-full e-flex e-con e-parent\" data-eae-slider=\"17786\" data-id=\"02da961\" data-element_type=\"container\" data-settings=\"{&quot;content_width&quot;:&quot;full&quot;}\" data-core-v316-plus=\"true\">\n\t\t\t\t<div class=\"elementor-element elementor-element-22c2279 elementor-widget__width-initial animate-in elementor-hidden-tablet elementor-hidden-mobile elementor-widget elementor-widget-heading\" data-id=\"22c2279\" data-element_type=\"widget\" data-widget_type=\"heading.default\">\n\t\t\t\t<div class=\"elementor-widget-container\">\n\t\t\t<style>\/*! elementor - v3.18.0 - 20-12-2023 *\/\n.elementor-heading-title{padding:0;margin:0;line-height:1}.elementor-widget-heading .elementor-heading-title[class*=elementor-size-]>a{color:inherit;font-size:inherit;line-height:inherit}.elementor-widget-heading .elementor-heading-title.elementor-size-small{font-size:15px}.elementor-widget-heading .elementor-heading-title.elementor-size-medium{font-size:19px}.elementor-widget-heading .elementor-heading-title.elementor-size-large{font-size:29px}.elementor-widget-heading .elementor-heading-title.elementor-size-xl{font-size:39px}.elementor-widget-heading .elementor-heading-title.elementor-size-xxl{font-size:59px}<\/style><h2 class=\"elementor-heading-title elementor-size-default translation-block\">Somos un <span style=\"color: #E4FF00\">estudio de dise\u00f1o de marca<\/span> en Colombia. <span style=\"color: #E4FF00\">Creamos<\/span> para<br> <span style=\"color: #E4FF00\">diversas<\/span> industrias alrededor<br> del mundo bas\u00e1ndonos en <br> <span style=\"color: #E4FF00\">dise\u00f1os estrat\u00e9gicos<\/span><\/h2>\t\t<\/div>\n\t\t\t\t<\/div>\n\t\t\t\t<div class=\"elementor-element elementor-element-7c188b1 animate-in elementor-hidden-desktop elementor-widget elementor-widget-heading\" data-id=\"7c188b1\" data-element_type=\"widget\" data-widget_type=\"heading.default\">\n\t\t\t\t<div class=\"elementor-widget-container\">\n\t\t\t<h2 class=\"elementor-heading-title elementor-size-default\">Somos un  <span style=\"color: #E4FF00;\">brand design<\/br> studio<\/span> from  <span style=\"color: #E4FF00;\">Colombia.<\/span><\/br>We  <span style=\"color: #E4FF00;\">Creamos<\/span> para  <span style=\"color: #E4FF00;\">difetentes<\/span> industries around the world based on <\/br>  <span style=\"color: #E4FF00;\">dise\u00f1os estrat\u00e9gicos.<\/span><\/h2>\t\t<\/div>\n\t\t\t\t<\/div>\n\t\t\t\t<\/div>\n\t\t<div class=\"has_eae_slider elementor-element elementor-element-a79c3fa e-con-full e-flex e-con e-parent\" data-eae-slider=\"30447\" data-id=\"a79c3fa\" data-element_type=\"container\" data-settings=\"{&quot;content_width&quot;:&quot;full&quot;}\" data-core-v316-plus=\"true\">\n\t\t<div class=\"has_eae_slider elementor-element elementor-element-d160c56 e-con-full e-flex e-con e-child\" data-eae-slider=\"56017\" data-id=\"d160c56\" data-element_type=\"container\" data-settings=\"{&quot;content_width&quot;:&quot;full&quot;}\">\n\t\t\t\t<\/div>\n\t\t<div class=\"has_eae_slider elementor-element elementor-element-e8ef912 e-con-full e-flex e-con e-child\" data-eae-slider=\"56258\" data-id=\"e8ef912\" data-element_type=\"container\" data-settings=\"{&quot;content_width&quot;:&quot;full&quot;}\">\n\t\t\t\t<div class=\"elementor-element elementor-element-1f6cc69 animate-in elementor-widget elementor-widget-text-editor\" data-id=\"1f6cc69\" data-element_type=\"widget\" data-widget_type=\"text-editor.default\">\n\t\t\t\t<div class=\"elementor-widget-container\">\n\t\t\t<style>\/*! elementor - v3.18.0 - 20-12-2023 *\/\n.elementor-widget-text-editor.elementor-drop-cap-view-stacked .elementor-drop-cap{background-color:#69727d;color:#fff}.elementor-widget-text-editor.elementor-drop-cap-view-framed .elementor-drop-cap{color:#69727d;border:3px solid;background-color:transparent}.elementor-widget-text-editor:not(.elementor-drop-cap-view-default) .elementor-drop-cap{margin-top:8px}.elementor-widget-text-editor:not(.elementor-drop-cap-view-default) .elementor-drop-cap-letter{width:1em;height:1em}.elementor-widget-text-editor .elementor-drop-cap{float:left;text-align:center;line-height:1;font-size:50px}.elementor-widget-text-editor .elementor-drop-cap-letter{display:inline-block}<\/style>\t\t\t\t<p>Chart fue fundada en 2023 por Cristina, conocida como \"ch.\", y todo comenz\u00f3 como su tesis de grado.<\/p><p>Contamos con un equipo din\u00e1mico de especialistas en marcas, impulsado por un \u00fanico objetivo: crear proyectos que se destaquen, ya sea lanzando marcas desde cero o d\u00e1ndoles una nueva vida<\/p>\t\t\t\t\t\t<\/div>\n\t\t\t\t<\/div>\n\t\t\t\t<\/div>\n\t\t\t\t<\/div>\n\t\t<div class=\"has_eae_slider elementor-element elementor-element-606dad4 e-con-full animate-in e-flex e-con e-parent\" data-eae-slider=\"83436\" data-id=\"606dad4\" data-element_type=\"container\" data-settings=\"{&quot;content_width&quot;:&quot;full&quot;}\" data-core-v316-plus=\"true\">\n\t\t<div class=\"has_eae_slider elementor-element elementor-element-c4fbb98 e-con-full e-flex e-con e-child\" data-eae-slider=\"40700\" data-id=\"c4fbb98\" data-element_type=\"container\" data-settings=\"{&quot;content_width&quot;:&quot;full&quot;}\">\n\t\t\t\t<div class=\"elementor-element elementor-element-5a67522 imagen-hover-effect elementor-position-top elementor-widget elementor-widget-image-box\" data-id=\"5a67522\" data-element_type=\"widget\" data-widget_type=\"image-box.default\">\n\t\t\t\t<div class=\"elementor-widget-container\">\n\t\t\t<style>\/*! elementor - v3.18.0 - 20-12-2023 *\/\n.elementor-widget-image-box .elementor-image-box-content{width:100%}@media (min-width:768px){.elementor-widget-image-box.elementor-position-left .elementor-image-box-wrapper,.elementor-widget-image-box.elementor-position-right .elementor-image-box-wrapper{display:flex}.elementor-widget-image-box.elementor-position-right .elementor-image-box-wrapper{text-align:right;flex-direction:row-reverse}.elementor-widget-image-box.elementor-position-left .elementor-image-box-wrapper{text-align:left;flex-direction:row}.elementor-widget-image-box.elementor-position-top .elementor-image-box-img{margin:auto}.elementor-widget-image-box.elementor-vertical-align-top .elementor-image-box-wrapper{align-items:flex-start}.elementor-widget-image-box.elementor-vertical-align-middle .elementor-image-box-wrapper{align-items:center}.elementor-widget-image-box.elementor-vertical-align-bottom .elementor-image-box-wrapper{align-items:flex-end}}@media (max-width:767px){.elementor-widget-image-box .elementor-image-box-img{margin-left:auto!important;margin-right:auto!important;margin-bottom:15px}}.elementor-widget-image-box .elementor-image-box-img{display:inline-block}.elementor-widget-image-box .elementor-image-box-title a{color:inherit}.elementor-widget-image-box .elementor-image-box-wrapper{text-align:center}.elementor-widget-image-box .elementor-image-box-description{margin:0}<\/style><div class=\"elementor-image-box-wrapper\"><figure class=\"elementor-image-box-img\"><img decoding=\"async\" width=\"391\" height=\"592\" src=\"https:\/\/designbychart.com\/wp-content\/uploads\/2024\/08\/Rectangle-89_5_11zon.webp\" class=\"attachment-full size-full wp-image-1707\" alt=\"Cristina\" srcset=\"https:\/\/designbychart.com\/wp-content\/uploads\/2024\/08\/Rectangle-89_5_11zon.webp 391w, https:\/\/designbychart.com\/wp-content\/uploads\/2024\/08\/Rectangle-89_5_11zon-198x300.webp 198w\" sizes=\"(max-width: 391px) 100vw, 391px\" \/><\/figure><div class=\"elementor-image-box-content\"><h3 class=\"elementor-image-box-title\">Cristina <\/h3><p class=\"elementor-image-box-description\">Fundadora y Directora Creativa<\/p><\/div><\/div>\t\t<\/div>\n\t\t\t\t<\/div>\n\t\t\t\t<\/div>\n\t\t<div class=\"has_eae_slider elementor-element elementor-element-5ee23a8 e-con-full e-flex e-con e-child\" data-eae-slider=\"1013\" data-id=\"5ee23a8\" data-element_type=\"container\" data-settings=\"{&quot;content_width&quot;:&quot;full&quot;}\">\n\t\t\t\t<div class=\"elementor-element elementor-element-8993602 imagen-hover-hilda elementor-position-top elementor-widget elementor-widget-image-box\" data-id=\"8993602\" data-element_type=\"widget\" data-widget_type=\"image-box.default\">\n\t\t\t\t<div class=\"elementor-widget-container\">\n\t\t\t<div class=\"elementor-image-box-wrapper\"><figure class=\"elementor-image-box-img\"><img decoding=\"async\" width=\"2642\" height=\"4000\" src=\"https:\/\/designbychart.com\/wp-content\/uploads\/2025\/03\/HILDA-2.webp\" class=\"attachment-full size-full wp-image-2263\" alt=\"HILDA\" srcset=\"https:\/\/designbychart.com\/wp-content\/uploads\/2025\/03\/HILDA-2.webp 2642w, https:\/\/designbychart.com\/wp-content\/uploads\/2025\/03\/HILDA-2-198x300.webp 198w, https:\/\/designbychart.com\/wp-content\/uploads\/2025\/03\/HILDA-2-676x1024.webp 676w, https:\/\/designbychart.com\/wp-content\/uploads\/2025\/03\/HILDA-2-768x1163.webp 768w, https:\/\/designbychart.com\/wp-content\/uploads\/2025\/03\/HILDA-2-1015x1536.webp 1015w, https:\/\/designbychart.com\/wp-content\/uploads\/2025\/03\/HILDA-2-1353x2048.webp 1353w\" sizes=\"(max-width: 2642px) 100vw, 2642px\" \/><\/figure><div class=\"elementor-image-box-content\"><h3 class=\"elementor-image-box-title\">hilda <\/h3><p class=\"elementor-image-box-description\">Dise\u00f1o grafico<\/p><\/div><\/div>\t\t<\/div>\n\t\t\t\t<\/div>\n\t\t\t\t<\/div>\n\t\t<div class=\"has_eae_slider elementor-element elementor-element-c1dc455 e-con-full e-flex e-con e-child\" data-eae-slider=\"46345\" data-id=\"c1dc455\" data-element_type=\"container\" data-settings=\"{&quot;content_width&quot;:&quot;full&quot;}\">\n\t\t\t\t<div class=\"elementor-element elementor-element-b87ecf5 hover-effect-extra elementor-position-top elementor-widget elementor-widget-image-box\" data-id=\"b87ecf5\" data-element_type=\"widget\" data-widget_type=\"image-box.default\">\n\t\t\t\t<div class=\"elementor-widget-container\">\n\t\t\t<div class=\"elementor-image-box-wrapper\"><figure class=\"elementor-image-box-img\"><img loading=\"lazy\" decoding=\"async\" width=\"391\" height=\"592\" src=\"https:\/\/designbychart.com\/wp-content\/uploads\/2024\/08\/Group-57_3_11zon.webp\" class=\"attachment-full size-full wp-image-1705\" alt=\"bloque 3\" srcset=\"https:\/\/designbychart.com\/wp-content\/uploads\/2024\/08\/Group-57_3_11zon.webp 391w, https:\/\/designbychart.com\/wp-content\/uploads\/2024\/08\/Group-57_3_11zon-198x300.webp 198w\" sizes=\"(max-width: 391px) 100vw, 391px\" \/><\/figure><div class=\"elementor-image-box-content\"><h3 class=\"elementor-image-box-title\">Majo<\/h3><p class=\"elementor-image-box-description\">Dise\u00f1o grafico<\/p><\/div><\/div>\t\t<\/div>\n\t\t\t\t<\/div>\n\t\t\t\t<\/div>\n\t\t\t\t<\/div>\n\t\t<div class=\"has_eae_slider elementor-element elementor-element-670d1b0 e-con-full e-flex e-con e-parent\" data-eae-slider=\"30701\" data-id=\"670d1b0\" data-element_type=\"container\" data-settings=\"{&quot;background_background&quot;:&quot;classic&quot;,&quot;content_width&quot;:&quot;full&quot;}\" data-core-v316-plus=\"true\">\n\t\t\t\t<div class=\"elementor-element elementor-element-4d14f09 animate-in elementor-widget__width-inherit elementor-widget elementor-widget-heading\" data-id=\"4d14f09\" data-element_type=\"widget\" data-widget_type=\"heading.default\">\n\t\t\t\t<div class=\"elementor-widget-container\">\n\t\t\t<h2 class=\"elementor-heading-title elementor-size-default translation-block\">\u00a1Empecemos! Agenda<br> tu Work Jam<\/h2>\t\t<\/div>\n\t\t\t\t<\/div>\n\t\t\t\t<div class=\"elementor-element elementor-element-3f70182 elementor-align-left scroll-bottom elementor-widget elementor-widget-button\" data-id=\"3f70182\" data-element_type=\"widget\" data-widget_type=\"button.default\">\n\t\t\t\t<div class=\"elementor-widget-container\">\n\t\t\t\t\t<div class=\"elementor-button-wrapper\">\n\t\t\t<a class=\"elementor-button elementor-button-link elementor-size-sm\" href=\"\/es\/contact\/\">\n\t\t\t\t\t\t<span class=\"elementor-button-content-wrapper\">\n\t\t\t\t\t\t<span class=\"elementor-button-text\">Cont\u00e1ctanos<\/span>\n\t\t<\/span>\n\t\t\t\t\t<\/a>\n\t\t<\/div>\n\t\t\t\t<\/div>\n\t\t\t\t<\/div>\n\t\t\t\t<div class=\"elementor-element elementor-element-fac42b1 elementor-widget elementor-widget-html\" data-id=\"fac42b1\" data-element_type=\"widget\" data-widget_type=\"html.default\">\n\t\t\t\t<div class=\"elementor-widget-container\">\n\t\t\t\r\n<script>\r\n  document.addEventListener('DOMContentLoaded', function () {\r\n    const elements = document.querySelectorAll('.animate-in');\r\n    \r\n    const observerOptions = {\r\n      root: null,\r\n      rootMargin: '0px',\r\n      threshold: 0.1 \/\/ Cambia esto para ajustar cu\u00e1ndo debe activarse la animaci\u00f3n\r\n    };\r\n    \r\n    const observer = new IntersectionObserver((entries) => {\r\n      entries.forEach(entry => {\r\n        if (entry.isIntersecting) {\r\n          entry.target.classList.add('visible');\r\n        } else {\r\n          entry.target.classList.remove('visible');\r\n        }\r\n      });\r\n    }, observerOptions);\r\n    \r\n    elements.forEach(element => {\r\n      observer.observe(element);\r\n    });\r\n  });\r\n<\/script>\r\n\r\n<style>\r\n\/* Clase para los elementos con el efecto *\/\r\n.animate-in {\r\n  opacity: 0;\r\n  transform: translateY(30px) scale(0.95);\r\n  transition: opacity 1s ease-out, transform 1s ease-out;\r\n}\r\n\r\n\/* Cuando el elemento est\u00e1 en el viewport, se aplica el efecto *\/\r\n.animate-in.visible {\r\n  opacity: 1;\r\n  transform: translateY(0) scale(1);\r\n}\r\n<\/style>\t\t<\/div>\n\t\t\t\t<\/div>\n\t\t\t\t<\/div>\n\t\t\t\t\t\t\t<\/div>","protected":false},"excerpt":{"rendered":"<p>About us Go behind the scenes of masterminds About us Go behind the scenes of masterminds We are a brand design studio from Colombia. We create for different industries around the world based on strategic designs We are a brand design studio from Colombia.We create for different industries around the world based on strategic designs [&hellip;]<\/p>","protected":false},"author":1,"featured_media":0,"parent":0,"menu_order":0,"comment_status":"closed","ping_status":"closed","template":"","meta":{"inline_featured_image":false,"footnotes":""},"_links":{"self":[{"href":"https:\/\/designbychart.com\/es\/wp-json\/wp\/v2\/pages\/1246"}],"collection":[{"href":"https:\/\/designbychart.com\/es\/wp-json\/wp\/v2\/pages"}],"about":[{"href":"https:\/\/designbychart.com\/es\/wp-json\/wp\/v2\/types\/page"}],"author":[{"embeddable":true,"href":"https:\/\/designbychart.com\/es\/wp-json\/wp\/v2\/users\/1"}],"replies":[{"embeddable":true,"href":"https:\/\/designbychart.com\/es\/wp-json\/wp\/v2\/comments?post=1246"}],"version-history":[{"count":178,"href":"https:\/\/designbychart.com\/es\/wp-json\/wp\/v2\/pages\/1246\/revisions"}],"predecessor-version":[{"id":2762,"href":"https:\/\/designbychart.com\/es\/wp-json\/wp\/v2\/pages\/1246\/revisions\/2762"}],"wp:attachment":[{"href":"https:\/\/designbychart.com\/es\/wp-json\/wp\/v2\/media?parent=1246"}],"curies":[{"name":"wp","href":"https:\/\/api.w.org\/{rel}","templated":true}]}}